{"id":6046,"date":"2014-03-15T21:55:01","date_gmt":"2014-03-15T19:55:01","guid":{"rendered":"http:\/\/alptekinbaloglu.com\/?page_id=6046"},"modified":"2015-03-16T16:19:27","modified_gmt":"2015-03-16T14:19:27","slug":"underwater-life-in-istanbul","status":"publish","type":"page","link":"https:\/\/alptekinbaloglu.com\/en\/project\/underwater-life-in-istanbul\/","title":{"rendered":"UNDERWATER LIFE IN ISTANBUL"},"content":{"rendered":"<div class=\"wpb-content-wrapper\"><p>[vc_row][vc_column width=&#8221;1\/1&#8243;][vc_column_text]<\/p>\n<h3>The Underwater Life in Istanbul is the project to screen the underwater life by photo and video graphing around Bosporus and the Princess Islands.<\/h3>\n<p>[\/vc_column_text][\/vc_column][\/vc_row][vc_row][vc_column width=&#8221;1\/1&#8243;][vc_posts_grid loop=&#8221;size:1|order_by:date|post_type:page|by_id:7308&#8243; grid_columns_count=&#8221;1&#8243; grid_layout=&#8221;image|link_post&#8221; grid_link_target=&#8221;_blank&#8221; grid_layout_mode=&#8221;fitRows&#8221; grid_thumb_size=&#8221;full&#8221;][\/vc_column][\/vc_row][vc_row][vc_column][vc_column_text]<\/p>\n<h3 style=\"text-align: justify;\">The first and foremost project to document the underwater environment of Istanbul. The project is sponsored by\u00a0Istanbul\u00a0Metropolitan Municipality. Published as a book, an open air exhibition &amp; a documentary film.<\/h3>\n<p style=\"text-align: justify;\">\u201cThere have appeared so many reasons that one could hardly become motionless\u201d explains Mr. Baloglu. \u201cQuestions\u201d he adds \u201care the points to move;\u00a0Are people of this unique city aware of the beauties beneath there, under the sea? Are really still there survivors of the natural life in the Marmara Sea? Do we get positive results from those underwater cleaning works or is it too late and irreversible? What are the children bound to inherit? A Sea from where the life itself thrives or an infertile non-promising desert?\u201d<\/p>\n<p style=\"text-align: justify;\">There have been immense amount of investment to revive the seas which had been heavily deteriorated. We are to urge people to come forward and join to save and protect the seas which, now we may well observe, have regaining their vitality. How could it be possible? We do believe that in order to protect we need to have a strong obligation to learn. We do not deprive of what we do not know. We shall fall deprived.<\/p>\n<p style=\"text-align: justify;\">This is the moral of the aforementioned project in the waters of Istanbul, a water place where the life of the continents combines and melts into the future.<\/p>\n<p style=\"text-align: justify;\">Mr. Balo\u011flu and his team of divers performed many dives, lasting 15 days, on 20 different spots of the surrounding waters of Istanbul in May. The underwater life of these waters has then been documented in 3060 underwater photographs, 4100 photographs on land and a 25 hours long video record.<\/p>\n<p style=\"text-align: justify;\">Taksim Square hosted all these documents to exhibit to the people of Istanbul in open air for 20 days. A book of 224 pages and an 80 minutes long documentary film both were published. Istanbulians paid great attention and interest in these works. They have now started learning and joining the protection action.<\/p>\n<p style=\"text-align: justify;\">Along with the dives in the Bosporus Strait like Anadolu Feneri, Ortak\u00f6y, Bebek and \u00c7engelk\u00f6y, the frequent bumps into the sea horses which are hopelessly in the list of endangered species were most exhilarating. Many other species and return of listed commercially important ones noted the stubborn hooking of the species onto the life. Schools of dolphins frolicked after the shoals of fish, indicating the productivity of the same life.<\/p>\n<p style=\"text-align: justify;\">The nudibrach we have documented in the waters of Hali\u00e7 (The Golden Horn) suggested hope. It was the same Golden Horn in which no living creature could have survived in recent years very due to the heavy pollution. Mating craps and the vast amount of larval forming in the water samples of the Golden Horn planted hope into the future.<\/p>\n<p style=\"text-align: justify;\">Not alone we did document the precise being of soft corals but the ongoing long walks of the lobsters also exhilarated us. Besides the fish, there also are nudibranches, anemones, sponge, species of the craps and many other kinds now down there around this mega city.<\/p>\n<p style=\"text-align: justify;\">The book of the project, The Underwater Life in Istanbul, has another eccentric part. When observed by supplied two color spectacles, a viewer will find 3D photographs, bringing the species right before the viewer, an arm long distance.<\/p>\n<p>[\/vc_column_text][vc_row_inner][vc_column_inner width=&#8221;1\/2&#8243;][vc_column_text]<strong>Dive sites:<br \/>\n<\/strong><\/p>\n<table style=\"height: 5px;\" width=\"426\">\n<tbody>\n<tr>\n<td>Poyraz Harbour<br \/>\nFil Point<br \/>\nT\u00fcrkeli Feneri<br \/>\nAnadolu Lighthouse<br \/>\nYenik\u00f6y<br \/>\n\u0130stinye<br \/>\nBebek<br \/>\nOrtak\u00f6y<br \/>\n\u00c7engelk\u00f6y<br \/>\nUnkapan\u0131 Bridge<\/td>\n<td>Hali\u00e7 Water Jet<br \/>\nBalat Port<br \/>\nMaiden&#8217;s Tower<br \/>\nBostanc\u0131 2nd \u00a0Revolving Lighthouse<br \/>\nB\u00fcy\u00fckada<br \/>\nB\u00fcy\u00fckada Revolving Lighthouse<br \/>\nYass\u0131ada<br \/>\nSivriada<br \/>\nBurgazada<br \/>\nBal\u0131k\u00e7\u0131 Island<\/td>\n<\/tr>\n<\/tbody>\n<\/table>\n<p>[\/vc_column_text][\/vc_column_inner][vc_column_inner width=&#8221;1\/2&#8243;][vc_column_text]<strong>Underwater Life of Istanbul by numbers:<\/strong><\/p>\n<p>Between 16 May &#8211; 4 June 2006;<br \/>\n60 dives have been accomplished,<br \/>\nIn 15 diving days,<br \/>\nIn 20 different dive sites,<br \/>\nWith a team of 15 persons.<br \/>\n45 hours underwater time.<br \/>\nShallowest dive 5 m. deepest dive 35 m.<br \/>\nWater temperature; between 6 &#8211; 15 C<br \/>\n4100 land pictures<br \/>\n3060 underwater pictures<br \/>\n25 hours land footage<br \/>\n15 hours underwater footage<br \/>\n10 hours ROV footage[\/vc_column_text][\/vc_column_inner][\/vc_row_inner][\/vc_column][\/vc_row]<\/p>\n<\/div>","protected":false},"excerpt":{"rendered":"<p>[vc_row][vc_column width=&#8221;1\/1&#8243;][vc_column_text] The Underwater Life in Istanbul is the project to screen the underwater life by photo and video graphing around Bosporus and the Princess Islands. [\/vc_column_text][\/vc_column][\/vc_row][vc_row][vc_column width=&#8221;1\/1&#8243;][vc_posts_grid loop=&#8221;size:1|order_by:date|post_type:page|by_id:7308&#8243; grid_columns_count=&#8221;1&#8243; [&hellip;]<\/p>\n","protected":false},"author":1,"featured_media":0,"parent":6126,"menu_order":0,"comment_status":"open","ping_status":"open","template":"","meta":{"footnotes":""},"class_list":["post-6046","page","type-page","status-publish","hentry"],"_links":{"self":[{"href":"https:\/\/alptekinbaloglu.com\/en\/wp-json\/wp\/v2\/pages\/6046","targetHints":{"allow":["GET"]}}],"collection":[{"href":"https:\/\/alptekinbaloglu.com\/en\/wp-json\/wp\/v2\/pages"}],"about":[{"href":"https:\/\/alptekinbaloglu.com\/en\/wp-json\/wp\/v2\/types\/page"}],"author":[{"embeddable":true,"href":"https:\/\/alptekinbaloglu.com\/en\/wp-json\/wp\/v2\/users\/1"}],"replies":[{"embeddable":true,"href":"https:\/\/alptekinbaloglu.com\/en\/wp-json\/wp\/v2\/comments?post=6046"}],"version-history":[{"count":0,"href":"https:\/\/alptekinbaloglu.com\/en\/wp-json\/wp\/v2\/pages\/6046\/revisions"}],"up":[{"embeddable":true,"href":"https:\/\/alptekinbaloglu.com\/en\/wp-json\/wp\/v2\/pages\/6126"}],"wp:attachment":[{"href":"https:\/\/alptekinbaloglu.com\/en\/wp-json\/wp\/v2\/media?parent=6046"}],"curies":[{"name":"wp","href":"https:\/\/api.w.org\/{rel}","templated":true}]}}